{"id":293,"date":"2025-01-04T01:12:24","date_gmt":"2025-01-04T00:12:24","guid":{"rendered":"https:\/\/odmarcelafigueroa.com\/?page_id=293"},"modified":"2025-01-23T22:28:25","modified_gmt":"2025-01-23T21:28:25","slug":"contacto","status":"publish","type":"page","link":"https:\/\/odmarcelafigueroa.com\/en\/contacto\/","title":{"rendered":"Contact"},"content":{"rendered":"<div id=\"trusted\"  data-column-margin=\"default\" data-midnight=\"dark\" data-top-percent=\"1%\" data-bottom-percent=\"6%\" data-nectar-animated-gradient-settings=\"{&quot;color_1&quot;:&quot;#e5b4ff&quot;,&quot;color_2&quot;:&quot;&quot;,&quot;speed&quot;:&quot;850&quot;,&quot;blending_mode&quot;:&quot;linear&quot;}\"  class=\"wpb_row vc_row-fluid vc_row full-width-content vc_row-o-equal-height vc_row-flex vc_row-o-content-top  zindex-set\"  style=\"padding-top: calc(100vw * 0.01); padding-bottom: calc(100vw * 0.06);  z-index: 2;\"><div class=\"row-bg-wrap has-animated-gradient\" data-bg-animation=\"none\" data-bg-animation-delay=\"\" data-bg-overlay=\"false\"><div class=\"inner-wrap row-bg-layer\" ><div class=\"row-bg viewport-desktop using-bg-color\"  style=\"background-color: #ffffff; \"><\/div><\/div><div class=\"row-bg-overlay row-bg-layer\" style=\"background:linear-gradient(0deg, rgb(255,255,255) 4%, rgba(255,255,255,0) 30%, rgba(255,255,255,0) 75%, rgb(255,255,255) 96%);\"><\/div><\/div><div class=\"row_col_wrap_12 col span_12 dark left\">\n\t<div  class=\"vc_col-sm-12 wpb_column column_container vc_column_container col centered-text no-extra-padding column_position_static el_spacing_0px inherit_tablet inherit_phone\"  data-padding-pos=\"all\" data-has-bg-color=\"false\" data-bg-color=\"\" data-bg-opacity=\"1\" data-animation=\"\" data-delay=\"0\" >\n\t\t<div class=\"vc_column-inner\" >\n\t\t\t<div class=\"wpb_wrapper\">\n\t\t\t\t<div class=\"divider-wrap height_phone_2vh\" data-alignment=\"default\"><div style=\"height: 8vh;\" class=\"divider\"><\/div><\/div><div class=\"nectar-split-heading  font_size_6vw font_line_height_1px\" data-align=\"default\" data-m-align=\"inherit\" data-text-effect=\"none\" data-animation-type=\"line-reveal-by-space\" data-animation-delay=\"0\" data-animation-offset=\"\" data-m-rm-animation=\"\" data-stagger=\"\" data-custom-font-size=\"true\" style=\"font-size: 6vw; line-height: 6.6vw;\"><h3 >Contact<\/h3><\/div>\n\t\t\t<\/div> \n\t\t<\/div>\n\t<\/div> \n<\/div><\/div>\n\t\t<div id=\"fws_69e66908e2eb8\"  data-column-margin=\"default\" data-midnight=\"dark\"  class=\"wpb_row vc_row-fluid vc_row full-width-content vc_row-o-equal-height vc_row-flex vc_row-o-content-top\"  style=\"padding-top: 0px; padding-bottom: 0px; \"><div class=\"row-bg-wrap\" data-bg-animation=\"none\" data-bg-animation-delay=\"\" data-bg-overlay=\"false\"><div class=\"inner-wrap row-bg-layer\" ><div class=\"row-bg viewport-desktop using-bg-color\"  style=\"background-color: #ffffff; \"><\/div><\/div><\/div><div class=\"row_col_wrap_12 col span_12 dark left\">\n\t<div  class=\"vc_col-sm-6 wpb_column column_container vc_column_container col no-extra-padding inherit_tablet inherit_phone\"  data-padding-pos=\"all\" data-has-bg-color=\"false\" data-bg-color=\"\" data-bg-opacity=\"1\" data-animation=\"\" data-delay=\"0\" >\n\t\t<div class=\"vc_column-inner\" >\n\t\t\t<div class=\"wpb_wrapper\">\n\t\t\t\t<div id=\"map_69e66908e3037\" style=\"height: 750px;\" class=\"nectar-leaflet-map\" data-infowindow-start-open=\"\" data-dark-color-scheme=\"\" data-marker-style=\"default\" data-nectar-marker-color=\"accent-color\" data-ultra-flat=\"\" data-greyscale=\"\" data-extra-color=\"\" data-enable-animation=\"false\" data-enable-zoom=\"\" data-zoom-level=\"20\" data-center-lat=\"4.672469653671981\" data-center-lng=\"-74.05839157419557\" data-marker-img=\"\"><\/div><div class=\"map_69e66908e3037 map-marker-list\"><div class=\"map-marker\" data-marker-image-width=\"50\" data-marker-image-height=\"50\" data-lat=\"4.672469653671981\" data-lng=\" -74.05839157419557\" data-mapinfo=\"\"><\/div><\/div>\n\t\t\t<\/div> \n\t\t<\/div>\n\t<\/div> \n\n\t<div  class=\"vc_col-sm-6 wpb_column column_container vc_column_container col padding-7-percent inherit_tablet inherit_phone\"  data-padding-pos=\"all\" data-has-bg-color=\"false\" data-bg-color=\"\" data-bg-opacity=\"1\" data-animation=\"\" data-delay=\"0\" >\n\t\t<div class=\"vc_column-inner\" >\n\t\t\t<div class=\"wpb_wrapper\">\n\t\t\t\t\n<div class=\"wpb_text_column wpb_content_element\" >\n\t<div class=\"wpb_wrapper\">\n\t\t<h2><strong>Let's talk\u2026\u00a0<\/strong><\/h2>\n<p>&nbsp;<\/p>\n<p>Hello! I'm Dr. Marcela Figueroa and I'm here to help you maintain a healthy and radiant smile. If you have any questions about your dental health, need to schedule an appointment, or simply want more information about our services, don't hesitate to contact me. I'm committed to providing you with the best care and resolving all of your concerns.<\/p>\n<p>&nbsp;<\/p>\n<p><strong>Dress:<\/strong>Carrera 19A # 82-85 Cons.215<br \/>\nBogot\u00e1, Colombia<\/p>\n<p><strong>Whatsapp:<\/strong> (+57) 300 808 0540<\/p>\n<p><strong>Mail:<\/strong> info@odmarcelafigueroa.com<\/p>\n\t<\/div>\n<\/div>\n\n\n\n\n\t\t\t<\/div> \n\t\t<\/div>\n\t<\/div> \n<\/div><\/div>","protected":false},"excerpt":{"rendered":"Contacto Hablemos...\u00a0 &nbsp; \u00a1Hola! Soy la Dra. Marcela Figueroa y estoy aqu\u00ed para ayudarte a mantener una sonrisa saludable y radiante. Si tienes alguna pregunta sobre tu salud dental, necesitas...","protected":false},"author":2,"featured_media":0,"parent":0,"menu_order":0,"comment_status":"closed","ping_status":"closed","template":"","meta":{"_joinchat":[],"footnotes":""},"class_list":["post-293","page","type-page","status-publish"],"yoast_head":"<!-- This site is optimized with the Yoast SEO plugin v27.4 - https:\/\/yoast.com\/product\/yoast-seo-wordpress\/ -->\n<title>Contacto - Odontolog\u00eda Marcela Figueroa<\/title>\n<meta name=\"robots\" content=\"index, follow, max-snippet:-1, max-image-preview:large, max-video-preview:-1\" \/>\n<link rel=\"canonical\" href=\"https:\/\/odmarcelafigueroa.com\/en\/contacto\/\" \/>\n<meta property=\"og:locale\" content=\"en_US\" \/>\n<meta property=\"og:type\" content=\"article\" \/>\n<meta property=\"og:title\" content=\"Contacto - Odontolog\u00eda Marcela Figueroa\" \/>\n<meta property=\"og:url\" content=\"https:\/\/odmarcelafigueroa.com\/en\/contacto\/\" \/>\n<meta property=\"og:site_name\" content=\"Odontolog\u00eda Marcela Figueroa\" \/>\n<meta property=\"article:modified_time\" content=\"2025-01-23T21:28:25+00:00\" \/>\n<meta name=\"twitter:card\" content=\"summary_large_image\" \/>\n<meta name=\"twitter:label1\" content=\"Est. reading time\" \/>\n\t<meta name=\"twitter:data1\" content=\"1 minute\" \/>\n<script type=\"application\/ld+json\" class=\"yoast-schema-graph\">{\"@context\":\"https:\\\/\\\/schema.org\",\"@graph\":[{\"@type\":\"WebPage\",\"@id\":\"https:\\\/\\\/odmarcelafigueroa.com\\\/contacto\\\/\",\"url\":\"https:\\\/\\\/odmarcelafigueroa.com\\\/contacto\\\/\",\"name\":\"Contacto - Odontolog\u00eda Marcela Figueroa\",\"isPartOf\":{\"@id\":\"https:\\\/\\\/odmarcelafigueroa.com\\\/#website\"},\"datePublished\":\"2025-01-04T00:12:24+00:00\",\"dateModified\":\"2025-01-23T21:28:25+00:00\",\"breadcrumb\":{\"@id\":\"https:\\\/\\\/odmarcelafigueroa.com\\\/contacto\\\/#breadcrumb\"},\"inLanguage\":\"en-US\",\"potentialAction\":[{\"@type\":\"ReadAction\",\"target\":[\"https:\\\/\\\/odmarcelafigueroa.com\\\/contacto\\\/\"]}]},{\"@type\":\"BreadcrumbList\",\"@id\":\"https:\\\/\\\/odmarcelafigueroa.com\\\/contacto\\\/#breadcrumb\",\"itemListElement\":[{\"@type\":\"ListItem\",\"position\":1,\"name\":\"Portada\",\"item\":\"https:\\\/\\\/odmarcelafigueroa.com\\\/\"},{\"@type\":\"ListItem\",\"position\":2,\"name\":\"Contacto\"}]},{\"@type\":\"WebSite\",\"@id\":\"https:\\\/\\\/odmarcelafigueroa.com\\\/#website\",\"url\":\"https:\\\/\\\/odmarcelafigueroa.com\\\/\",\"name\":\"Odontolog\u00eda Marcela Figueroa\",\"description\":\"Odont\u00f3loga Marcela Figueroa, la mejor especialista en endodoncia en Bogot\u00e1, Colombia. Expertos en trauma dental, cirug\u00eda apical, odontolog\u00eda integral y est\u00e9tica dental para cuidar tu sonrisa con el m\u00e1s alto nivel profesional.\",\"publisher\":{\"@id\":\"https:\\\/\\\/odmarcelafigueroa.com\\\/#\\\/schema\\\/person\\\/cc56adf18f8db3932e264adfa90f8874\"},\"alternateName\":\"Od. Marcela Figueroa\",\"potentialAction\":[{\"@type\":\"SearchAction\",\"target\":{\"@type\":\"EntryPoint\",\"urlTemplate\":\"https:\\\/\\\/odmarcelafigueroa.com\\\/?s={search_term_string}\"},\"query-input\":{\"@type\":\"PropertyValueSpecification\",\"valueRequired\":true,\"valueName\":\"search_term_string\"}}],\"inLanguage\":\"en-US\"},{\"@type\":[\"Person\",\"Organization\"],\"@id\":\"https:\\\/\\\/odmarcelafigueroa.com\\\/#\\\/schema\\\/person\\\/cc56adf18f8db3932e264adfa90f8874\",\"name\":\"Marcela Figueroa\",\"image\":{\"@type\":\"ImageObject\",\"inLanguage\":\"en-US\",\"@id\":\"https:\\\/\\\/odmarcelafigueroa.com\\\/wp-content\\\/uploads\\\/2024\\\/12\\\/Logo-Odontologa-Marcela-Figuroa-02.png\",\"url\":\"https:\\\/\\\/odmarcelafigueroa.com\\\/wp-content\\\/uploads\\\/2024\\\/12\\\/Logo-Odontologa-Marcela-Figuroa-02.png\",\"contentUrl\":\"https:\\\/\\\/odmarcelafigueroa.com\\\/wp-content\\\/uploads\\\/2024\\\/12\\\/Logo-Odontologa-Marcela-Figuroa-02.png\",\"width\":1841,\"height\":650,\"caption\":\"Marcela Figueroa\"},\"logo\":{\"@id\":\"https:\\\/\\\/odmarcelafigueroa.com\\\/wp-content\\\/uploads\\\/2024\\\/12\\\/Logo-Odontologa-Marcela-Figuroa-02.png\"},\"sameAs\":[\"https:\\\/\\\/odmarcelafigueroa.com\\\/\"]}]}<\/script>\n<!-- \/ Yoast SEO plugin. -->","yoast_head_json":{"title":"Contacto - Odontolog\u00eda Marcela Figueroa","robots":{"index":"index","follow":"follow","max-snippet":"max-snippet:-1","max-image-preview":"max-image-preview:large","max-video-preview":"max-video-preview:-1"},"canonical":"https:\/\/odmarcelafigueroa.com\/en\/contacto\/","og_locale":"en_US","og_type":"article","og_title":"Contacto - Odontolog\u00eda Marcela Figueroa","og_url":"https:\/\/odmarcelafigueroa.com\/en\/contacto\/","og_site_name":"Odontolog\u00eda Marcela Figueroa","article_modified_time":"2025-01-23T21:28:25+00:00","twitter_card":"summary_large_image","twitter_misc":{"Est. reading time":"1 minute"},"schema":{"@context":"https:\/\/schema.org","@graph":[{"@type":"WebPage","@id":"https:\/\/odmarcelafigueroa.com\/contacto\/","url":"https:\/\/odmarcelafigueroa.com\/contacto\/","name":"Contacto - Odontolog\u00eda Marcela Figueroa","isPartOf":{"@id":"https:\/\/odmarcelafigueroa.com\/#website"},"datePublished":"2025-01-04T00:12:24+00:00","dateModified":"2025-01-23T21:28:25+00:00","breadcrumb":{"@id":"https:\/\/odmarcelafigueroa.com\/contacto\/#breadcrumb"},"inLanguage":"en-US","potentialAction":[{"@type":"ReadAction","target":["https:\/\/odmarcelafigueroa.com\/contacto\/"]}]},{"@type":"BreadcrumbList","@id":"https:\/\/odmarcelafigueroa.com\/contacto\/#breadcrumb","itemListElement":[{"@type":"ListItem","position":1,"name":"Portada","item":"https:\/\/odmarcelafigueroa.com\/"},{"@type":"ListItem","position":2,"name":"Contacto"}]},{"@type":"WebSite","@id":"https:\/\/odmarcelafigueroa.com\/#website","url":"https:\/\/odmarcelafigueroa.com\/","name":"Odontolog\u00eda Marcela Figueroa","description":"Odont\u00f3loga Marcela Figueroa, la mejor especialista en endodoncia en Bogot\u00e1, Colombia. Expertos en trauma dental, cirug\u00eda apical, odontolog\u00eda integral y est\u00e9tica dental para cuidar tu sonrisa con el m\u00e1s alto nivel profesional.","publisher":{"@id":"https:\/\/odmarcelafigueroa.com\/#\/schema\/person\/cc56adf18f8db3932e264adfa90f8874"},"alternateName":"Od. Marcela Figueroa","potentialAction":[{"@type":"SearchAction","target":{"@type":"EntryPoint","urlTemplate":"https:\/\/odmarcelafigueroa.com\/?s={search_term_string}"},"query-input":{"@type":"PropertyValueSpecification","valueRequired":true,"valueName":"search_term_string"}}],"inLanguage":"en-US"},{"@type":["Person","Organization"],"@id":"https:\/\/odmarcelafigueroa.com\/#\/schema\/person\/cc56adf18f8db3932e264adfa90f8874","name":"Marcela Figueroa","image":{"@type":"ImageObject","inLanguage":"en-US","@id":"https:\/\/odmarcelafigueroa.com\/wp-content\/uploads\/2024\/12\/Logo-Odontologa-Marcela-Figuroa-02.png","url":"https:\/\/odmarcelafigueroa.com\/wp-content\/uploads\/2024\/12\/Logo-Odontologa-Marcela-Figuroa-02.png","contentUrl":"https:\/\/odmarcelafigueroa.com\/wp-content\/uploads\/2024\/12\/Logo-Odontologa-Marcela-Figuroa-02.png","width":1841,"height":650,"caption":"Marcela Figueroa"},"logo":{"@id":"https:\/\/odmarcelafigueroa.com\/wp-content\/uploads\/2024\/12\/Logo-Odontologa-Marcela-Figuroa-02.png"},"sameAs":["https:\/\/odmarcelafigueroa.com\/"]}]}},"_hostinger_reach_plugin_has_subscription_block":false,"_hostinger_reach_plugin_is_elementor":false,"_links":{"self":[{"href":"https:\/\/odmarcelafigueroa.com\/en\/wp-json\/wp\/v2\/pages\/293","targetHints":{"allow":["GET"]}}],"collection":[{"href":"https:\/\/odmarcelafigueroa.com\/en\/wp-json\/wp\/v2\/pages"}],"about":[{"href":"https:\/\/odmarcelafigueroa.com\/en\/wp-json\/wp\/v2\/types\/page"}],"author":[{"embeddable":true,"href":"https:\/\/odmarcelafigueroa.com\/en\/wp-json\/wp\/v2\/users\/2"}],"replies":[{"embeddable":true,"href":"https:\/\/odmarcelafigueroa.com\/en\/wp-json\/wp\/v2\/comments?post=293"}],"version-history":[{"count":6,"href":"https:\/\/odmarcelafigueroa.com\/en\/wp-json\/wp\/v2\/pages\/293\/revisions"}],"predecessor-version":[{"id":311,"href":"https:\/\/odmarcelafigueroa.com\/en\/wp-json\/wp\/v2\/pages\/293\/revisions\/311"}],"wp:attachment":[{"href":"https:\/\/odmarcelafigueroa.com\/en\/wp-json\/wp\/v2\/media?parent=293"}],"curies":[{"name":"wp","href":"https:\/\/api.w.org\/{rel}","templated":true}]}}